{"id":83,"date":"2010-08-15T19:13:33","date_gmt":"2010-08-15T19:13:33","guid":{"rendered":"http:\/\/demo.studiopress.com\/genesis"},"modified":"2020-06-22T20:13:10","modified_gmt":"2020-06-22T20:13:10","slug":"contacto","status":"publish","type":"page","link":"https:\/\/loveeventos.es\/?page_id=83","title":{"rendered":"Contacto"},"content":{"rendered":"\n<p style=\"color:#eeb1ae\" class=\"has-text-color has-larger-font-size\"><strong>Me encantar\u00eda ayudarte, \u00bfHablamos?<\/strong><\/p>\n\n\n\n<p>Me puedes visitar en Caudete (Albacete)  C\/Molino, 32.<\/p>\n\n\n\n<p>Mi n\u00famero de tel\u00e9fono es <strong>679961116<\/strong>, no dudes en llamarme, <\/p>\n\n\n\n<p>Mi correo electr\u00f3nico es <strong>info@loveeventos.es<\/strong>.<\/p>\n\n\n\n<p>Si quieres m\u00e1s informaci\u00f3n puedes rellenar este formulario y me pondr\u00e9 en contacto contigo en la mayor brevedad posible.<\/p>\n\n\n\n<p><\/p>\n\n\n<p>[ninja_form id=1]<\/p>\n\n\n<p style=\"color:#eeb1ae\" class=\"has-text-color has-normal-font-size\"><strong>B\u00fascame en redes sociales Instagram y Facebook TuLoveeventos<\/strong><\/p>\n","protected":false},"excerpt":{"rendered":"<p>Me encantar\u00eda ayudarte, \u00bfHablamos? Me puedes visitar en Caudete (Albacete) C\/Molino, 32. Mi n\u00famero de tel\u00e9fono es 679961116, no dudes en llamarme, Mi correo electr\u00f3nico es info@loveeventos.es. Si quieres m\u00e1s informaci\u00f3n puedes rellenar este formulario y me pondr\u00e9 en contacto contigo en la mayor brevedad posible. [ninja_form id=1] B\u00fascame en redes sociales Instagram y Facebook [&hellip;]<\/p>\n","protected":false},"author":1,"featured_media":0,"parent":0,"menu_order":11,"comment_status":"open","ping_status":"closed","template":"","meta":{"_genesis_hide_title":false,"_genesis_hide_breadcrumbs":false,"_genesis_hide_singular_image":false,"_genesis_hide_footer_widgets":false,"_genesis_custom_body_class":"","_genesis_custom_post_class":"","_genesis_layout":"","footnotes":""},"class_list":{"0":"post-83","1":"page","2":"type-page","3":"status-publish","5":"entry"},"_links":{"self":[{"href":"https:\/\/loveeventos.es\/index.php?rest_route=\/wp\/v2\/pages\/83","targetHints":{"allow":["GET"]}}],"collection":[{"href":"https:\/\/loveeventos.es\/index.php?rest_route=\/wp\/v2\/pages"}],"about":[{"href":"https:\/\/loveeventos.es\/index.php?rest_route=\/wp\/v2\/types\/page"}],"author":[{"embeddable":true,"href":"https:\/\/loveeventos.es\/index.php?rest_route=\/wp\/v2\/users\/1"}],"replies":[{"embeddable":true,"href":"https:\/\/loveeventos.es\/index.php?rest_route=%2Fwp%2Fv2%2Fcomments&post=83"}],"version-history":[{"count":17,"href":"https:\/\/loveeventos.es\/index.php?rest_route=\/wp\/v2\/pages\/83\/revisions"}],"predecessor-version":[{"id":962,"href":"https:\/\/loveeventos.es\/index.php?rest_route=\/wp\/v2\/pages\/83\/revisions\/962"}],"wp:attachment":[{"href":"https:\/\/loveeventos.es\/index.php?rest_route=%2Fwp%2Fv2%2Fmedia&parent=83"}],"curies":[{"name":"wp","href":"https:\/\/api.w.org\/{rel}","templated":true}]}}