{"id":679,"date":"2020-05-19T01:30:51","date_gmt":"2020-05-19T01:30:51","guid":{"rendered":"https:\/\/loveeventos.es\/?page_id=679"},"modified":"2020-10-14T09:32:02","modified_gmt":"2020-10-14T09:32:02","slug":"servicios","status":"publish","type":"page","link":"https:\/\/loveeventos.es\/?page_id=679","title":{"rendered":"Servicios"},"content":{"rendered":"\n<h3 class=\"has-text-color wp-block-heading\" style=\"color:#eeb1ae\">DECORACI\u00d3N BODA                                 <\/h3>\n\n\n\n<div class=\"wp-block-group\"><div class=\"wp-block-group__inner-container is-layout-flow wp-block-group-is-layout-flow\">\n<p>\u00ab<strong>El mejor tipo de Amor es el que despierta el alma y nos hace aspirar a m\u00e1s\u00bb <\/strong><br>                                                                                                                                                               El diario de Noah<\/p>\n<\/div><\/div>\n\n\n\n<p class=\"has-text-align-left has-text-color has-large-font-size\" style=\"color:#eeb1ae\"><strong>\u00bfEmpezamos?\u00bfDamos color a tu papel en blanco?<\/strong><\/p>\n\n\n\n<p><strong>Imaginad<\/strong> una boda al aire libre, (en la playa, en el bosque, en un jard\u00edn)&#8230; donde cada rinc\u00f3n hable de vosotros y de <strong>vuestra esencia<\/strong>, donde el aroma de las flores y la luz de las velas creen ese lugar maravilloso donde nadie quiera salir.<\/p>\n\n\n\n<p class=\"has-text-color\" style=\"color:#eeb1ae\"><strong>Dime&#8230;\u00bfCu\u00e1l es tu estilo?<\/strong><\/p>\n\n\n\n<p class=\"has-text-color\" style=\"color:#eeb1ae\"><strong>En una Boda hay muchos rincones para decorar<\/strong>.<\/p>\n\n\n\n<ul class=\"wp-block-list\"><li>Un rinc\u00f3n de Bienvenida, con un arco floral.<\/li><li>El seating plan donde poder colocar a tus invitados de forma divertida.<\/li><li>La decoraci\u00f3n de las mesas con sus centros de flores.<\/li><li>Las sillas decoradas con estilo.<\/li><li>Un candy bar lleno de dulces que ser\u00e1 el placer de peque\u00f1os y grandes.<\/li><li>Un photocall donde quede plasmado ese recuerdo tan bonito para siempre.<\/li><li>Y un sinfin de decoraci\u00f3n personalizada&#8230;<\/li><\/ul>\n\n\n\n<figure class=\"wp-block-image size-large is-resized\"><img loading=\"lazy\" decoding=\"async\" src=\"https:\/\/loveeventos.es\/wp-content\/uploads\/2020\/06\/Dise\u00f1o-sin-t\u00edtulo-2-1.png\" alt=\"\" class=\"wp-image-908\" width=\"701\" height=\"701\" srcset=\"https:\/\/loveeventos.es\/wp-content\/uploads\/2020\/06\/Dise\u00f1o-sin-t\u00edtulo-2-1.png 500w, https:\/\/loveeventos.es\/wp-content\/uploads\/2020\/06\/Dise\u00f1o-sin-t\u00edtulo-2-1-300x300.png 300w, https:\/\/loveeventos.es\/wp-content\/uploads\/2020\/06\/Dise\u00f1o-sin-t\u00edtulo-2-1-150x150.png 150w, https:\/\/loveeventos.es\/wp-content\/uploads\/2020\/06\/Dise\u00f1o-sin-t\u00edtulo-2-1-275x275.png 275w\" sizes=\"auto, (max-width: 701px) 100vw, 701px\" \/><\/figure>\n\n\n\n<p><\/p>\n\n\n\n<figure class=\"wp-block-image size-large\"><img loading=\"lazy\" decoding=\"async\" width=\"675\" height=\"1024\" src=\"https:\/\/loveeventos.es\/wp-content\/uploads\/2020\/08\/IMG_20200730_130814-675x1024.jpg\" alt=\"\" class=\"wp-image-1139\" srcset=\"https:\/\/loveeventos.es\/wp-content\/uploads\/2020\/08\/IMG_20200730_130814-675x1024.jpg 675w, https:\/\/loveeventos.es\/wp-content\/uploads\/2020\/08\/IMG_20200730_130814-198x300.jpg 198w, https:\/\/loveeventos.es\/wp-content\/uploads\/2020\/08\/IMG_20200730_130814-768x1166.jpg 768w, https:\/\/loveeventos.es\/wp-content\/uploads\/2020\/08\/IMG_20200730_130814-1012x1536.jpg 1012w, https:\/\/loveeventos.es\/wp-content\/uploads\/2020\/08\/IMG_20200730_130814-1349x2048.jpg 1349w, https:\/\/loveeventos.es\/wp-content\/uploads\/2020\/08\/IMG_20200730_130814-scaled.jpg 1687w\" sizes=\"auto, (max-width: 675px) 100vw, 675px\" \/><\/figure>\n\n\n\n<figure class=\"wp-block-image size-large\"><img loading=\"lazy\" decoding=\"async\" width=\"768\" height=\"1024\" src=\"https:\/\/loveeventos.es\/wp-content\/uploads\/2020\/10\/IMG-20201005-WA0012-1-768x1024.jpg\" alt=\"\" class=\"wp-image-1218\" srcset=\"https:\/\/loveeventos.es\/wp-content\/uploads\/2020\/10\/IMG-20201005-WA0012-1-768x1024.jpg 768w, https:\/\/loveeventos.es\/wp-content\/uploads\/2020\/10\/IMG-20201005-WA0012-1-225x300.jpg 225w, https:\/\/loveeventos.es\/wp-content\/uploads\/2020\/10\/IMG-20201005-WA0012-1-1152x1536.jpg 1152w, https:\/\/loveeventos.es\/wp-content\/uploads\/2020\/10\/IMG-20201005-WA0012-1.jpg 1200w\" sizes=\"auto, (max-width: 768px) 100vw, 768px\" \/><\/figure>\n\n\n\n<figure class=\"wp-block-image size-large\"><img loading=\"lazy\" decoding=\"async\" width=\"768\" height=\"1024\" src=\"https:\/\/loveeventos.es\/wp-content\/uploads\/2020\/10\/IMG-20201005-WA0006-768x1024.jpg\" alt=\"\" class=\"wp-image-1219\" srcset=\"https:\/\/loveeventos.es\/wp-content\/uploads\/2020\/10\/IMG-20201005-WA0006-768x1024.jpg 768w, https:\/\/loveeventos.es\/wp-content\/uploads\/2020\/10\/IMG-20201005-WA0006-225x300.jpg 225w, https:\/\/loveeventos.es\/wp-content\/uploads\/2020\/10\/IMG-20201005-WA0006-1152x1536.jpg 1152w, https:\/\/loveeventos.es\/wp-content\/uploads\/2020\/10\/IMG-20201005-WA0006.jpg 1200w\" sizes=\"auto, (max-width: 768px) 100vw, 768px\" \/><\/figure>\n\n\n\n<p>Nos adaptamos a tus necesidades como Wedding Planner, decoraci\u00f3n integral o parte de ella.<\/p>\n\n\n\n<p><\/p>\n\n\n\n<p><\/p>\n\n\n\n<p><\/p>\n\n\n\n<h3 class=\"wp-block-heading\"><\/h3>\n\n\n\n<h3 class=\"has-text-color wp-block-heading\" style=\"color:#eeb1ae\"><\/h3>\n\n\n\n<p><\/p>\n\n\n\n<p><\/p>\n\n\n\n<h3 class=\"wp-block-heading\">servicios<\/h3>\n\n\n\n<h3 class=\"has-text-color wp-block-heading\" style=\"color:#eeb1ae\">dise\u00f1o gr\u00e1fico<\/h3>\n\n\n\n<p>\u00ab<strong>La imprenta es un ej\u00e9rcito de 26 soldados de plomo con el que se puede cambiar el mundo<\/strong>.\u00bb<br>Johan Gutenberg                                                                                                                                   <\/p>\n\n\n\n<p class=\"has-text-color has-large-font-size\" style=\"color:#eeb1ae\"><strong>\u00bfEmpezamos?\u00bfDamos color a tu papel en blanco?<\/strong><\/p>\n\n\n\n<p>Cualquier evento empieza plasmado en un papel. En <strong>LOVE EVENTOS<\/strong> contamos con una dise\u00f1adora gr\u00e1fica especial para ti, Silvia es creativa y con mucha imaginaci\u00f3n.<\/p>\n\n\n\n<p class=\"has-text-color\" style=\"color:#eeb1ae\"><strong>\u00bfQuieres algo \u00fanico, elegante y personal? \u00bfTienes alguna idea pero no sabes como plasmarla? <\/strong><\/p>\n\n\n\n<p><strong>Juntos<\/strong> comenzaremos a crear tu Logo, tarjetas de invitados, men\u00fas, seating plan, \u00e1lbum de firmas, marcap\u00e1ginas, invitaciones de cumplea\u00f1os, y todo el soporte gr\u00e1fico que necesites, siguiendo el mismo hilo conductor con tu estilo y personalidad. <\/p>\n\n\n\n<p class=\"has-small-font-size\">                                                                                                                                                                    <\/p>\n\n\n\n<figure class=\"wp-block-image size-large\"><img loading=\"lazy\" decoding=\"async\" width=\"768\" height=\"1024\" src=\"https:\/\/loveeventos.es\/wp-content\/uploads\/2020\/07\/IMG_20200706_101414-2-768x1024.jpg\" alt=\"\" class=\"wp-image-1089\" srcset=\"https:\/\/loveeventos.es\/wp-content\/uploads\/2020\/07\/IMG_20200706_101414-2-768x1024.jpg 768w, https:\/\/loveeventos.es\/wp-content\/uploads\/2020\/07\/IMG_20200706_101414-2-225x300.jpg 225w, https:\/\/loveeventos.es\/wp-content\/uploads\/2020\/07\/IMG_20200706_101414-2-1152x1536.jpg 1152w, https:\/\/loveeventos.es\/wp-content\/uploads\/2020\/07\/IMG_20200706_101414-2-1536x2048.jpg 1536w, https:\/\/loveeventos.es\/wp-content\/uploads\/2020\/07\/IMG_20200706_101414-2-scaled.jpg 1920w\" sizes=\"auto, (max-width: 768px) 100vw, 768px\" \/><\/figure>\n\n\n\n<figure class=\"wp-block-image size-large\"><img decoding=\"async\" src=\"https:\/\/loveeventos.es\/wp-content\/uploads\/2020\/07\/IMG_20200706_101414-3-768x1024.jpg\" alt=\"\" class=\"wp-image-1099\"\/><\/figure>\n\n\n\n<figure class=\"wp-block-image size-large\"><img loading=\"lazy\" decoding=\"async\" width=\"768\" height=\"1024\" src=\"https:\/\/loveeventos.es\/wp-content\/uploads\/2020\/07\/IMG_20200708_141301-1-768x1024.jpg\" alt=\"\" class=\"wp-image-1109\" srcset=\"https:\/\/loveeventos.es\/wp-content\/uploads\/2020\/07\/IMG_20200708_141301-1-768x1024.jpg 768w, https:\/\/loveeventos.es\/wp-content\/uploads\/2020\/07\/IMG_20200708_141301-1-225x300.jpg 225w, https:\/\/loveeventos.es\/wp-content\/uploads\/2020\/07\/IMG_20200708_141301-1-1152x1536.jpg 1152w, https:\/\/loveeventos.es\/wp-content\/uploads\/2020\/07\/IMG_20200708_141301-1-1536x2048.jpg 1536w, https:\/\/loveeventos.es\/wp-content\/uploads\/2020\/07\/IMG_20200708_141301-1-scaled.jpg 1920w\" sizes=\"auto, (max-width: 768px) 100vw, 768px\" \/><\/figure>\n\n\n\n<p>        <\/p>\n\n\n\n<figure class=\"wp-block-image size-large\"><img decoding=\"async\" src=\"https:\/\/loveeventos.es\/wp-content\/uploads\/2020\/07\/IMG_20200708_141301-768x1024.jpg\" alt=\"\" class=\"wp-image-1107\"\/><\/figure>\n","protected":false},"excerpt":{"rendered":"<p>DECORACI\u00d3N BODA \u00abEl mejor tipo de Amor es el que despierta el alma y nos hace aspirar a m\u00e1s\u00bb El diario de Noah \u00bfEmpezamos?\u00bfDamos color a tu papel en blanco? Imaginad una boda al aire libre, (en la playa, en el bosque, en un jard\u00edn)&#8230; donde cada rinc\u00f3n hable de vosotros y de vuestra esencia, [&hellip;]<\/p>\n","protected":false},"author":1,"featured_media":685,"parent":0,"menu_order":0,"comment_status":"closed","ping_status":"closed","template":"","meta":{"_genesis_hide_title":false,"_genesis_hide_breadcrumbs":false,"_genesis_hide_singular_image":false,"_genesis_hide_footer_widgets":false,"_genesis_custom_body_class":"","_genesis_custom_post_class":"","_genesis_layout":"","footnotes":""},"class_list":{"0":"post-679","1":"page","2":"type-page","3":"status-publish","4":"has-post-thumbnail","6":"entry"},"_links":{"self":[{"href":"https:\/\/loveeventos.es\/index.php?rest_route=\/wp\/v2\/pages\/679","targetHints":{"allow":["GET"]}}],"collection":[{"href":"https:\/\/loveeventos.es\/index.php?rest_route=\/wp\/v2\/pages"}],"about":[{"href":"https:\/\/loveeventos.es\/index.php?rest_route=\/wp\/v2\/types\/page"}],"author":[{"embeddable":true,"href":"https:\/\/loveeventos.es\/index.php?rest_route=\/wp\/v2\/users\/1"}],"replies":[{"embeddable":true,"href":"https:\/\/loveeventos.es\/index.php?rest_route=%2Fwp%2Fv2%2Fcomments&post=679"}],"version-history":[{"count":92,"href":"https:\/\/loveeventos.es\/index.php?rest_route=\/wp\/v2\/pages\/679\/revisions"}],"predecessor-version":[{"id":1243,"href":"https:\/\/loveeventos.es\/index.php?rest_route=\/wp\/v2\/pages\/679\/revisions\/1243"}],"wp:featuredmedia":[{"embeddable":true,"href":"https:\/\/loveeventos.es\/index.php?rest_route=\/wp\/v2\/media\/685"}],"wp:attachment":[{"href":"https:\/\/loveeventos.es\/index.php?rest_route=%2Fwp%2Fv2%2Fmedia&parent=679"}],"curies":[{"name":"wp","href":"https:\/\/api.w.org\/{rel}","templated":true}]}}