{"id":543,"date":"2015-12-07T17:41:24","date_gmt":"2015-12-07T17:41:24","guid":{"rendered":"http:\/\/sample.r316clients.wpengine.com\/?page_id=2"},"modified":"2020-09-24T10:34:42","modified_gmt":"2020-09-24T10:34:42","slug":"sobre-mi","status":"publish","type":"page","link":"https:\/\/loveeventos.es\/?page_id=543","title":{"rendered":"Sobre MI"},"content":{"rendered":"\n<p class=\"has-text-align-center has-text-color\" style=\"font-size:19px;color:#eeb1ae\"><strong>CUANDO LO QUE ERES ES LO QUE QUIERES SER, ESO ES \u00a1\u00a1FELICIDAD!!<\/strong><\/p>\n\n\n\n<div class=\"wp-block-columns alignwide is-layout-flex wp-container-core-columns-is-layout-9d6595d7 wp-block-columns-is-layout-flex\">\n<div class=\"wp-block-column is-vertically-aligned-top is-layout-flow wp-block-column-is-layout-flow\">\n<div class=\"wp-block-columns is-layout-flex wp-container-core-columns-is-layout-9d6595d7 wp-block-columns-is-layout-flex\">\n<div class=\"wp-block-column is-layout-flow wp-block-column-is-layout-flow\" style=\"flex-basis:33.33%\"><\/div>\n\n\n\n<div class=\"wp-block-column is-layout-flow wp-block-column-is-layout-flow\" style=\"flex-basis:66.66%\"><\/div>\n<\/div>\n<\/div>\n\n\n\n<div class=\"wp-block-column is-vertically-aligned-top is-layout-flow wp-block-column-is-layout-flow\" style=\"flex-basis:66.66%\">\n<figure class=\"wp-block-image size-large is-resized\"><img loading=\"lazy\" decoding=\"async\" src=\"https:\/\/loveeventos.es\/wp-content\/uploads\/2020\/09\/CARMEN-39-2-3-683x1024.jpg\" alt=\"\" class=\"wp-image-1190\" width=\"565\" height=\"847\" srcset=\"https:\/\/loveeventos.es\/wp-content\/uploads\/2020\/09\/CARMEN-39-2-3-683x1024.jpg 683w, https:\/\/loveeventos.es\/wp-content\/uploads\/2020\/09\/CARMEN-39-2-3-200x300.jpg 200w, https:\/\/loveeventos.es\/wp-content\/uploads\/2020\/09\/CARMEN-39-2-3-768x1152.jpg 768w, https:\/\/loveeventos.es\/wp-content\/uploads\/2020\/09\/CARMEN-39-2-3-1024x1536.jpg 1024w, https:\/\/loveeventos.es\/wp-content\/uploads\/2020\/09\/CARMEN-39-2-3-1366x2048.jpg 1366w, https:\/\/loveeventos.es\/wp-content\/uploads\/2020\/09\/CARMEN-39-2-3-scaled.jpg 1707w\" sizes=\"auto, (max-width: 565px) 100vw, 565px\" \/><\/figure>\n\n\n\n<p class=\"has-very-dark-gray-color has-text-color has-background has-large-font-size\" style=\"background-color:#ffffff\">Me cri\u00e9 entre los ruidos de las m\u00e1quinas de una imprenta. Mi padre es impresor, as\u00ed es como me gusta llamarle. Grabado en mi memoria todav\u00eda permanece aquella vieja m\u00e1quina de aspas, el olor a las tintas, el papel reci\u00e9n cortado, las letras de plomo para formar textos y todo ello con un mimo y cuidado especial.<\/p>\n\n\n\n<p class=\"has-white-background-color has-background has-large-font-size\">Lo que m\u00e1s admiraba era ver c\u00f3mo mi padre colocaba una hoja de papel en blanco y c\u00f3mo, por arte de magia, se llenaba de color gracias a su creatividad.                                               Esa pasi\u00f3n por las cosas bien hechas y por su perfecci\u00f3n todav\u00eda la tengo. <strong>\u00abPon todo lo que eres, en lo m\u00ednimo que hagas\u00bb  <\/strong>   <\/p>\n\n\n\n<p class=\"has-white-background-color has-background has-large-font-size\">Tras a\u00f1os trabajando en el negocio familiar, primero como papeler\u00eda y luego como tienda de decoraci\u00f3n, descubr\u00ed que lo que de verdad me gusta es crear <strong>\u00abCREAR MOMENTOS\u00bb<\/strong> <\/p>\n\n\n\n<p class=\"has-white-background-color has-background has-large-font-size\"> Me he formado en Madrid con <strong>AWED<\/strong> \u00abAcademia Europea de decoraciones de Bodas y Eventos\u00bb como <strong>Experta Superior en decoraci\u00f3n de Bodas y Eventos<\/strong> y tambi\u00e9n hice varios cursos como escaparatista.<\/p>\n\n\n\n<p class=\"has-white-background-color has-background has-large-font-size\"> Junto con mi <strong>equipo<\/strong> estamos a tu disposici\u00f3n para crear y personalizar tu evento. <strong>Me encanta pensar que cada decoraci\u00f3n es como un papel en blanco<\/strong> <strong>y que hay que darle color,<\/strong> el color que t\u00fa quieras&#8230;\u00bf<strong>Empezamos?<\/strong><\/p>\n\n\n\n<p><\/p>\n\n\n\n<p><\/p>\n\n\n\n<p><\/p>\n<\/div>\n<\/div>\n\n\n\n<p><\/p>\n","protected":false},"excerpt":{"rendered":"<p>CUANDO LO QUE ERES ES LO QUE QUIERES SER, ESO ES \u00a1\u00a1FELICIDAD!! Me cri\u00e9 entre los ruidos de las m\u00e1quinas de una imprenta. Mi padre es impresor, as\u00ed es como me gusta llamarle. Grabado en mi memoria todav\u00eda permanece aquella vieja m\u00e1quina de aspas, el olor a las tintas, el papel reci\u00e9n cortado, las letras [&hellip;]<\/p>\n","protected":false},"author":1,"featured_media":659,"parent":0,"menu_order":0,"comment_status":"closed","ping_status":"closed","template":"","meta":{"_genesis_hide_title":false,"_genesis_hide_breadcrumbs":false,"_genesis_hide_singular_image":false,"_genesis_hide_footer_widgets":false,"_genesis_custom_body_class":"","_genesis_custom_post_class":"","_genesis_layout":"","footnotes":""},"class_list":{"0":"post-543","1":"page","2":"type-page","3":"status-publish","4":"has-post-thumbnail","6":"entry"},"_links":{"self":[{"href":"https:\/\/loveeventos.es\/index.php?rest_route=\/wp\/v2\/pages\/543","targetHints":{"allow":["GET"]}}],"collection":[{"href":"https:\/\/loveeventos.es\/index.php?rest_route=\/wp\/v2\/pages"}],"about":[{"href":"https:\/\/loveeventos.es\/index.php?rest_route=\/wp\/v2\/types\/page"}],"author":[{"embeddable":true,"href":"https:\/\/loveeventos.es\/index.php?rest_route=\/wp\/v2\/users\/1"}],"replies":[{"embeddable":true,"href":"https:\/\/loveeventos.es\/index.php?rest_route=%2Fwp%2Fv2%2Fcomments&post=543"}],"version-history":[{"count":56,"href":"https:\/\/loveeventos.es\/index.php?rest_route=\/wp\/v2\/pages\/543\/revisions"}],"predecessor-version":[{"id":1202,"href":"https:\/\/loveeventos.es\/index.php?rest_route=\/wp\/v2\/pages\/543\/revisions\/1202"}],"wp:featuredmedia":[{"embeddable":true,"href":"https:\/\/loveeventos.es\/index.php?rest_route=\/wp\/v2\/media\/659"}],"wp:attachment":[{"href":"https:\/\/loveeventos.es\/index.php?rest_route=%2Fwp%2Fv2%2Fmedia&parent=543"}],"curies":[{"name":"wp","href":"https:\/\/api.w.org\/{rel}","templated":true}]}}