{"id":1005,"date":"2020-06-24T10:28:39","date_gmt":"2020-06-24T10:28:39","guid":{"rendered":"https:\/\/loveeventos.es\/?page_id=1005"},"modified":"2021-03-01T18:35:46","modified_gmt":"2021-03-01T18:35:46","slug":"otros-eventos","status":"publish","type":"page","link":"https:\/\/loveeventos.es\/?page_id=1005","title":{"rendered":"OTROS EVENTOS"},"content":{"rendered":"\n<h3 class=\"has-text-color wp-block-heading\" style=\"color:#eeb1ae\"> COMUNIONES<\/h3>\n\n\n\n<figure class=\"wp-block-image size-large is-resized\"><img loading=\"lazy\" decoding=\"async\" src=\"https:\/\/loveeventos.es\/wp-content\/uploads\/2020\/06\/P1016296-768x1024.jpg\" alt=\"\" class=\"wp-image-939\" width=\"800\" height=\"1200\"\/><\/figure>\n\n\n\n<p class=\"has-text-color has-large-font-size\" style=\"color:#eeb1ae\">COMUNIONES 2020<\/p>\n\n\n\n<figure class=\"wp-block-image size-large is-resized\"><img loading=\"lazy\" decoding=\"async\" src=\"https:\/\/loveeventos.es\/wp-content\/uploads\/2020\/08\/IMG_20200724_203634-768x1024.jpg\" alt=\"\" class=\"wp-image-1142\" width=\"800\" height=\"1200\"\/><\/figure>\n\n\n\n<p class=\"has-text-color has-large-font-size\" style=\"color:#eeb1ae\">COMUNIONES 2020<\/p>\n\n\n\n<figure class=\"wp-block-image size-large is-resized\"><img loading=\"lazy\" decoding=\"async\" src=\"https:\/\/loveeventos.es\/wp-content\/uploads\/2020\/08\/IMG_20200726_115605-850x1024.jpg\" alt=\"\" class=\"wp-image-1145\" width=\"800\" height=\"1200\"\/><\/figure>\n\n\n\n<p class=\"has-text-color has-large-font-size\" style=\"color:#5d686d\">COMUNI\u00d3N 2020 \u00c1LVARO Y M\u00c1XIMO<\/p>\n\n\n\n<figure class=\"wp-block-image size-large is-resized\"><img loading=\"lazy\" decoding=\"async\" src=\"https:\/\/loveeventos.es\/wp-content\/uploads\/2020\/09\/IMG_20200823_133457-1-768x1024.jpg\" alt=\"\" class=\"wp-image-1154\" width=\"732\" height=\"976\" srcset=\"https:\/\/loveeventos.es\/wp-content\/uploads\/2020\/09\/IMG_20200823_133457-1-768x1024.jpg 768w, https:\/\/loveeventos.es\/wp-content\/uploads\/2020\/09\/IMG_20200823_133457-1-225x300.jpg 225w, https:\/\/loveeventos.es\/wp-content\/uploads\/2020\/09\/IMG_20200823_133457-1-1152x1536.jpg 1152w, https:\/\/loveeventos.es\/wp-content\/uploads\/2020\/09\/IMG_20200823_133457-1-1536x2048.jpg 1536w, https:\/\/loveeventos.es\/wp-content\/uploads\/2020\/09\/IMG_20200823_133457-1-scaled.jpg 1920w\" sizes=\"auto, (max-width: 732px) 100vw, 732px\" \/><\/figure>\n\n\n\n<figure class=\"wp-block-image size-large\"><img loading=\"lazy\" decoding=\"async\" width=\"768\" height=\"1024\" src=\"https:\/\/loveeventos.es\/wp-content\/uploads\/2020\/09\/IMG_20200823_133520-768x1024.jpg\" alt=\"\" class=\"wp-image-1152\" srcset=\"https:\/\/loveeventos.es\/wp-content\/uploads\/2020\/09\/IMG_20200823_133520-768x1024.jpg 768w, https:\/\/loveeventos.es\/wp-content\/uploads\/2020\/09\/IMG_20200823_133520-225x300.jpg 225w, https:\/\/loveeventos.es\/wp-content\/uploads\/2020\/09\/IMG_20200823_133520-1152x1536.jpg 1152w, https:\/\/loveeventos.es\/wp-content\/uploads\/2020\/09\/IMG_20200823_133520-1536x2048.jpg 1536w, https:\/\/loveeventos.es\/wp-content\/uploads\/2020\/09\/IMG_20200823_133520-scaled.jpg 1920w\" sizes=\"auto, (max-width: 768px) 100vw, 768px\" \/><\/figure>\n\n\n\n<figure class=\"wp-block-gallery columns-1 is-cropped wp-block-gallery-1 is-layout-flex wp-block-gallery-is-layout-flex\"><ul class=\"blocks-gallery-grid\"><li class=\"blocks-gallery-item\"><figure><img loading=\"lazy\" decoding=\"async\" width=\"768\" height=\"1024\" src=\"https:\/\/loveeventos.es\/wp-content\/uploads\/2020\/09\/IMG_20200823_133042-768x1024.jpg\" alt=\"\" data-id=\"1156\" data-full-url=\"https:\/\/loveeventos.es\/wp-content\/uploads\/2020\/09\/IMG_20200823_133042-scaled.jpg\" data-link=\"https:\/\/loveeventos.es\/otros-eventos\/img_20200823_133042\/\" class=\"wp-image-1156\" srcset=\"https:\/\/loveeventos.es\/wp-content\/uploads\/2020\/09\/IMG_20200823_133042-768x1024.jpg 768w, https:\/\/loveeventos.es\/wp-content\/uploads\/2020\/09\/IMG_20200823_133042-225x300.jpg 225w, https:\/\/loveeventos.es\/wp-content\/uploads\/2020\/09\/IMG_20200823_133042-1152x1536.jpg 1152w, https:\/\/loveeventos.es\/wp-content\/uploads\/2020\/09\/IMG_20200823_133042-1536x2048.jpg 1536w, https:\/\/loveeventos.es\/wp-content\/uploads\/2020\/09\/IMG_20200823_133042-scaled.jpg 1920w\" sizes=\"auto, (max-width: 768px) 100vw, 768px\" \/><\/figure><\/li><\/ul><\/figure>\n\n\n\n<figure class=\"wp-block-gallery columns-1 is-cropped wp-block-gallery-2 is-layout-flex wp-block-gallery-is-layout-flex\"><ul class=\"blocks-gallery-grid\"><li class=\"blocks-gallery-item\"><figure><img loading=\"lazy\" decoding=\"async\" width=\"768\" height=\"1024\" src=\"https:\/\/loveeventos.es\/wp-content\/uploads\/2020\/09\/IMG_20200823_132924-768x1024.jpg\" alt=\"\" data-id=\"1155\" data-full-url=\"https:\/\/loveeventos.es\/wp-content\/uploads\/2020\/09\/IMG_20200823_132924-scaled.jpg\" data-link=\"https:\/\/loveeventos.es\/otros-eventos\/img_20200823_132924\/\" class=\"wp-image-1155\" srcset=\"https:\/\/loveeventos.es\/wp-content\/uploads\/2020\/09\/IMG_20200823_132924-768x1024.jpg 768w, https:\/\/loveeventos.es\/wp-content\/uploads\/2020\/09\/IMG_20200823_132924-225x300.jpg 225w, https:\/\/loveeventos.es\/wp-content\/uploads\/2020\/09\/IMG_20200823_132924-1152x1536.jpg 1152w, https:\/\/loveeventos.es\/wp-content\/uploads\/2020\/09\/IMG_20200823_132924-1536x2048.jpg 1536w, https:\/\/loveeventos.es\/wp-content\/uploads\/2020\/09\/IMG_20200823_132924-scaled.jpg 1920w\" sizes=\"auto, (max-width: 768px) 100vw, 768px\" \/><\/figure><\/li><\/ul><\/figure>\n\n\n\n<p class=\"has-text-color has-large-font-size\" style=\"color:#eeb1ae\">COMUNI\u00d3N AROA<\/p>\n\n\n\n<figure class=\"wp-block-image size-large is-resized\"><img loading=\"lazy\" decoding=\"async\" src=\"https:\/\/loveeventos.es\/wp-content\/uploads\/2020\/09\/IMG_20200927_172410_301-1024x1024.jpg\" alt=\"\" class=\"wp-image-1205\" width=\"732\" height=\"732\" srcset=\"https:\/\/loveeventos.es\/wp-content\/uploads\/2020\/09\/IMG_20200927_172410_301-1024x1024.jpg 1024w, https:\/\/loveeventos.es\/wp-content\/uploads\/2020\/09\/IMG_20200927_172410_301-300x300.jpg 300w, https:\/\/loveeventos.es\/wp-content\/uploads\/2020\/09\/IMG_20200927_172410_301-150x150.jpg 150w, https:\/\/loveeventos.es\/wp-content\/uploads\/2020\/09\/IMG_20200927_172410_301-768x768.jpg 768w, https:\/\/loveeventos.es\/wp-content\/uploads\/2020\/09\/IMG_20200927_172410_301-275x275.jpg 275w, https:\/\/loveeventos.es\/wp-content\/uploads\/2020\/09\/IMG_20200927_172410_301.jpg 1280w\" sizes=\"auto, (max-width: 732px) 100vw, 732px\" \/><\/figure>\n\n\n\n<figure class=\"wp-block-image size-large\"><img loading=\"lazy\" decoding=\"async\" width=\"1024\" height=\"1024\" src=\"https:\/\/loveeventos.es\/wp-content\/uploads\/2020\/09\/IMG_20200927_173628_175-1024x1024.jpg\" alt=\"\" class=\"wp-image-1206\" srcset=\"https:\/\/loveeventos.es\/wp-content\/uploads\/2020\/09\/IMG_20200927_173628_175-1024x1024.jpg 1024w, https:\/\/loveeventos.es\/wp-content\/uploads\/2020\/09\/IMG_20200927_173628_175-300x300.jpg 300w, https:\/\/loveeventos.es\/wp-content\/uploads\/2020\/09\/IMG_20200927_173628_175-150x150.jpg 150w, https:\/\/loveeventos.es\/wp-content\/uploads\/2020\/09\/IMG_20200927_173628_175-768x768.jpg 768w, https:\/\/loveeventos.es\/wp-content\/uploads\/2020\/09\/IMG_20200927_173628_175-1536x1536.jpg 1536w, https:\/\/loveeventos.es\/wp-content\/uploads\/2020\/09\/IMG_20200927_173628_175-2048x2048.jpg 2048w, https:\/\/loveeventos.es\/wp-content\/uploads\/2020\/09\/IMG_20200927_173628_175-275x275.jpg 275w\" sizes=\"auto, (max-width: 1024px) 100vw, 1024px\" \/><\/figure>\n\n\n\n<figure class=\"wp-block-image size-large\"><img loading=\"lazy\" decoding=\"async\" width=\"1024\" height=\"1024\" src=\"https:\/\/loveeventos.es\/wp-content\/uploads\/2020\/09\/IMG_20200927_174715_156-1024x1024.jpg\" alt=\"\" class=\"wp-image-1207\" srcset=\"https:\/\/loveeventos.es\/wp-content\/uploads\/2020\/09\/IMG_20200927_174715_156-1024x1024.jpg 1024w, https:\/\/loveeventos.es\/wp-content\/uploads\/2020\/09\/IMG_20200927_174715_156-300x300.jpg 300w, https:\/\/loveeventos.es\/wp-content\/uploads\/2020\/09\/IMG_20200927_174715_156-150x150.jpg 150w, https:\/\/loveeventos.es\/wp-content\/uploads\/2020\/09\/IMG_20200927_174715_156-768x768.jpg 768w, https:\/\/loveeventos.es\/wp-content\/uploads\/2020\/09\/IMG_20200927_174715_156-1536x1536.jpg 1536w, https:\/\/loveeventos.es\/wp-content\/uploads\/2020\/09\/IMG_20200927_174715_156-2048x2048.jpg 2048w, https:\/\/loveeventos.es\/wp-content\/uploads\/2020\/09\/IMG_20200927_174715_156-275x275.jpg 275w\" sizes=\"auto, (max-width: 1024px) 100vw, 1024px\" \/><\/figure>\n\n\n\n<p class=\"has-large-font-size\">COMUNI\u00d3N JORGE<\/p>\n\n\n\n<figure class=\"wp-block-image size-large\"><img loading=\"lazy\" decoding=\"async\" width=\"1024\" height=\"768\" src=\"https:\/\/loveeventos.es\/wp-content\/uploads\/2020\/10\/IMG-20201004-WA0018-1024x768.jpg\" alt=\"\" class=\"wp-image-1229\" srcset=\"https:\/\/loveeventos.es\/wp-content\/uploads\/2020\/10\/IMG-20201004-WA0018-1024x768.jpg 1024w, https:\/\/loveeventos.es\/wp-content\/uploads\/2020\/10\/IMG-20201004-WA0018-300x225.jpg 300w, https:\/\/loveeventos.es\/wp-content\/uploads\/2020\/10\/IMG-20201004-WA0018-768x576.jpg 768w, https:\/\/loveeventos.es\/wp-content\/uploads\/2020\/10\/IMG-20201004-WA0018-1536x1152.jpg 1536w, https:\/\/loveeventos.es\/wp-content\/uploads\/2020\/10\/IMG-20201004-WA0018.jpg 1600w\" sizes=\"auto, (max-width: 1024px) 100vw, 1024px\" \/><\/figure>\n\n\n\n<figure class=\"wp-block-image size-large\"><img loading=\"lazy\" decoding=\"async\" width=\"768\" height=\"1024\" src=\"https:\/\/loveeventos.es\/wp-content\/uploads\/2020\/10\/IMG-20201004-WA0019-768x1024.jpg\" alt=\"\" class=\"wp-image-1230\" srcset=\"https:\/\/loveeventos.es\/wp-content\/uploads\/2020\/10\/IMG-20201004-WA0019-768x1024.jpg 768w, https:\/\/loveeventos.es\/wp-content\/uploads\/2020\/10\/IMG-20201004-WA0019-225x300.jpg 225w, https:\/\/loveeventos.es\/wp-content\/uploads\/2020\/10\/IMG-20201004-WA0019-1152x1536.jpg 1152w, https:\/\/loveeventos.es\/wp-content\/uploads\/2020\/10\/IMG-20201004-WA0019.jpg 1200w\" sizes=\"auto, (max-width: 768px) 100vw, 768px\" \/><\/figure>\n\n\n\n<figure class=\"wp-block-image size-large\"><img loading=\"lazy\" decoding=\"async\" width=\"768\" height=\"1024\" src=\"https:\/\/loveeventos.es\/wp-content\/uploads\/2020\/10\/IMG-20201004-WA0020-768x1024.jpg\" alt=\"\" class=\"wp-image-1231\" srcset=\"https:\/\/loveeventos.es\/wp-content\/uploads\/2020\/10\/IMG-20201004-WA0020-768x1024.jpg 768w, https:\/\/loveeventos.es\/wp-content\/uploads\/2020\/10\/IMG-20201004-WA0020-225x300.jpg 225w, https:\/\/loveeventos.es\/wp-content\/uploads\/2020\/10\/IMG-20201004-WA0020-1152x1536.jpg 1152w, https:\/\/loveeventos.es\/wp-content\/uploads\/2020\/10\/IMG-20201004-WA0020.jpg 1200w\" sizes=\"auto, (max-width: 768px) 100vw, 768px\" \/><\/figure>\n\n\n\n<p><\/p>\n\n\n\n<p><\/p>\n\n\n\n<p><\/p>\n\n\n\n<p><\/p>\n\n\n\n<p><\/p>\n\n\n\n<p><\/p>\n\n\n\n<h3 class=\"has-pale-cyan-blue-color has-text-color wp-block-heading\">BABY SHOWER<\/h3>\n\n\n\n<figure class=\"wp-block-image size-large\"><img loading=\"lazy\" decoding=\"async\" width=\"710\" height=\"691\" src=\"https:\/\/loveeventos.es\/wp-content\/uploads\/2020\/07\/Screenshot_20200724-145344-1.png\" alt=\"\" class=\"wp-image-1117\" srcset=\"https:\/\/loveeventos.es\/wp-content\/uploads\/2020\/07\/Screenshot_20200724-145344-1.png 710w, https:\/\/loveeventos.es\/wp-content\/uploads\/2020\/07\/Screenshot_20200724-145344-1-300x292.png 300w\" sizes=\"auto, (max-width: 710px) 100vw, 710px\" \/><\/figure>\n\n\n\n<p class=\"has-text-color has-larger-font-size\" style=\"color:#eeb1ae\">DECORACI\u00d3N GLOBOS<\/p>\n\n\n\n<p class=\"has-text-color\" style=\"color:#eeb1ae\">Nuestro Osito \u00abTULOVE\u00bb<\/p>\n\n\n\n<div class=\"wp-block-image\"><figure class=\"aligncenter size-large\"><img loading=\"lazy\" decoding=\"async\" width=\"501\" height=\"1024\" src=\"https:\/\/loveeventos.es\/wp-content\/uploads\/2020\/11\/IMG_20201029_192721-1-501x1024.jpg\" alt=\"\" class=\"wp-image-1292\" srcset=\"https:\/\/loveeventos.es\/wp-content\/uploads\/2020\/11\/IMG_20201029_192721-1-501x1024.jpg 501w, https:\/\/loveeventos.es\/wp-content\/uploads\/2020\/11\/IMG_20201029_192721-1-147x300.jpg 147w, https:\/\/loveeventos.es\/wp-content\/uploads\/2020\/11\/IMG_20201029_192721-1-768x1571.jpg 768w, https:\/\/loveeventos.es\/wp-content\/uploads\/2020\/11\/IMG_20201029_192721-1-751x1536.jpg 751w, https:\/\/loveeventos.es\/wp-content\/uploads\/2020\/11\/IMG_20201029_192721-1-1001x2048.jpg 1001w, https:\/\/loveeventos.es\/wp-content\/uploads\/2020\/11\/IMG_20201029_192721-1-scaled.jpg 1252w\" sizes=\"auto, (max-width: 501px) 100vw, 501px\" \/><\/figure><\/div>\n\n\n\n<figure class=\"wp-block-image size-large\"><img loading=\"lazy\" decoding=\"async\" width=\"768\" height=\"1024\" src=\"https:\/\/loveeventos.es\/wp-content\/uploads\/2020\/11\/IMG-20201101-WA0000-768x1024.jpg\" alt=\"\" class=\"wp-image-1289\" srcset=\"https:\/\/loveeventos.es\/wp-content\/uploads\/2020\/11\/IMG-20201101-WA0000-768x1024.jpg 768w, https:\/\/loveeventos.es\/wp-content\/uploads\/2020\/11\/IMG-20201101-WA0000-225x300.jpg 225w, https:\/\/loveeventos.es\/wp-content\/uploads\/2020\/11\/IMG-20201101-WA0000-1152x1536.jpg 1152w, https:\/\/loveeventos.es\/wp-content\/uploads\/2020\/11\/IMG-20201101-WA0000.jpg 1200w\" sizes=\"auto, (max-width: 768px) 100vw, 768px\" \/><\/figure>\n\n\n\n<figure class=\"wp-block-image size-large\"><img loading=\"lazy\" decoding=\"async\" width=\"768\" height=\"1024\" src=\"https:\/\/loveeventos.es\/wp-content\/uploads\/2020\/11\/IMG_20201106_102543-768x1024.jpg\" alt=\"\" class=\"wp-image-1290\" srcset=\"https:\/\/loveeventos.es\/wp-content\/uploads\/2020\/11\/IMG_20201106_102543-768x1024.jpg 768w, https:\/\/loveeventos.es\/wp-content\/uploads\/2020\/11\/IMG_20201106_102543-225x300.jpg 225w, https:\/\/loveeventos.es\/wp-content\/uploads\/2020\/11\/IMG_20201106_102543-1152x1536.jpg 1152w, https:\/\/loveeventos.es\/wp-content\/uploads\/2020\/11\/IMG_20201106_102543-1536x2048.jpg 1536w, https:\/\/loveeventos.es\/wp-content\/uploads\/2020\/11\/IMG_20201106_102543-scaled.jpg 1920w\" sizes=\"auto, (max-width: 768px) 100vw, 768px\" \/><\/figure>\n\n\n\n<figure class=\"wp-block-image size-large\"><img loading=\"lazy\" decoding=\"async\" width=\"768\" height=\"1024\" src=\"https:\/\/loveeventos.es\/wp-content\/uploads\/2020\/11\/IMG_20201106_102929-768x1024.jpg\" alt=\"\" class=\"wp-image-1291\" srcset=\"https:\/\/loveeventos.es\/wp-content\/uploads\/2020\/11\/IMG_20201106_102929-768x1024.jpg 768w, https:\/\/loveeventos.es\/wp-content\/uploads\/2020\/11\/IMG_20201106_102929-225x300.jpg 225w, https:\/\/loveeventos.es\/wp-content\/uploads\/2020\/11\/IMG_20201106_102929-1152x1536.jpg 1152w, https:\/\/loveeventos.es\/wp-content\/uploads\/2020\/11\/IMG_20201106_102929-1536x2048.jpg 1536w, https:\/\/loveeventos.es\/wp-content\/uploads\/2020\/11\/IMG_20201106_102929-scaled.jpg 1920w\" sizes=\"auto, (max-width: 768px) 100vw, 768px\" \/><\/figure>\n\n\n\n<p class=\"has-text-color has-larger-font-size\" style=\"color:#eeb1ae\">SAN VALENT\u00cdN<\/p>\n\n\n\n<p class=\"has-text-color has-large-font-size\" style=\"color:#eeb1ae\">\u00abLOVE IS IN THE AIR\u00bb<\/p>\n\n\n\n<p><\/p>\n\n\n\n<p>El Amor est\u00e1 en el aire, y como no en nuestras decoraciones. \u00bfA qui\u00e9n no le gustar\u00eda recibir un bouquet como estos para celebrar el Amor.?<\/p>\n\n\n\n<p>\u00bfQu\u00e9 os parecen estas cucadas de bouquets? Globos, flores, lazos, bombones&#8230; todo es posible en una decoraci\u00f3n \u00abTulove\u00bb<\/p>\n\n\n\n<figure class=\"wp-block-image size-large\"><img loading=\"lazy\" decoding=\"async\" width=\"768\" height=\"1024\" src=\"https:\/\/loveeventos.es\/wp-content\/uploads\/2021\/02\/IMG_20210205_134507-768x1024.jpg\" alt=\"\" class=\"wp-image-1328\" srcset=\"https:\/\/loveeventos.es\/wp-content\/uploads\/2021\/02\/IMG_20210205_134507-768x1024.jpg 768w, https:\/\/loveeventos.es\/wp-content\/uploads\/2021\/02\/IMG_20210205_134507-225x300.jpg 225w, https:\/\/loveeventos.es\/wp-content\/uploads\/2021\/02\/IMG_20210205_134507-1152x1536.jpg 1152w, https:\/\/loveeventos.es\/wp-content\/uploads\/2021\/02\/IMG_20210205_134507-1536x2048.jpg 1536w, https:\/\/loveeventos.es\/wp-content\/uploads\/2021\/02\/IMG_20210205_134507-scaled.jpg 1920w\" sizes=\"auto, (max-width: 768px) 100vw, 768px\" \/><\/figure>\n\n\n\n<figure class=\"wp-block-image size-large\"><img loading=\"lazy\" decoding=\"async\" width=\"768\" height=\"1024\" src=\"https:\/\/loveeventos.es\/wp-content\/uploads\/2021\/02\/IMG_20210128_120438-768x1024.jpg\" alt=\"\" class=\"wp-image-1330\" srcset=\"https:\/\/loveeventos.es\/wp-content\/uploads\/2021\/02\/IMG_20210128_120438-768x1024.jpg 768w, https:\/\/loveeventos.es\/wp-content\/uploads\/2021\/02\/IMG_20210128_120438-225x300.jpg 225w, https:\/\/loveeventos.es\/wp-content\/uploads\/2021\/02\/IMG_20210128_120438-1152x1536.jpg 1152w, https:\/\/loveeventos.es\/wp-content\/uploads\/2021\/02\/IMG_20210128_120438-1536x2048.jpg 1536w, https:\/\/loveeventos.es\/wp-content\/uploads\/2021\/02\/IMG_20210128_120438-scaled.jpg 1920w\" sizes=\"auto, (max-width: 768px) 100vw, 768px\" \/><\/figure>\n\n\n\n<div class=\"wp-block-image\"><figure class=\"aligncenter size-large\"><img loading=\"lazy\" decoding=\"async\" width=\"582\" height=\"1024\" src=\"https:\/\/loveeventos.es\/wp-content\/uploads\/2021\/02\/Screenshot_20210201-235917-582x1024.png\" alt=\"\" class=\"wp-image-1329\" srcset=\"https:\/\/loveeventos.es\/wp-content\/uploads\/2021\/02\/Screenshot_20210201-235917-582x1024.png 582w, https:\/\/loveeventos.es\/wp-content\/uploads\/2021\/02\/Screenshot_20210201-235917-171x300.png 171w, https:\/\/loveeventos.es\/wp-content\/uploads\/2021\/02\/Screenshot_20210201-235917.png 715w\" sizes=\"auto, (max-width: 582px) 100vw, 582px\" \/><\/figure><\/div>\n","protected":false},"excerpt":{"rendered":"<p>COMUNIONES COMUNIONES 2020 COMUNIONES 2020 COMUNI\u00d3N 2020 \u00c1LVARO Y M\u00c1XIMO COMUNI\u00d3N AROA COMUNI\u00d3N JORGE BABY SHOWER DECORACI\u00d3N GLOBOS Nuestro Osito \u00abTULOVE\u00bb SAN VALENT\u00cdN \u00abLOVE IS IN THE AIR\u00bb El Amor est\u00e1 en el aire, y como no en nuestras decoraciones. \u00bfA qui\u00e9n no le gustar\u00eda recibir un bouquet como estos para celebrar el Amor.? \u00bfQu\u00e9 [&hellip;]<\/p>\n","protected":false},"author":1,"featured_media":0,"parent":0,"menu_order":0,"comment_status":"closed","ping_status":"closed","template":"page_landing.php","meta":{"_genesis_hide_title":false,"_genesis_hide_breadcrumbs":false,"_genesis_hide_singular_image":false,"_genesis_hide_footer_widgets":false,"_genesis_custom_body_class":"","_genesis_custom_post_class":"","_genesis_layout":"","footnotes":""},"class_list":{"0":"post-1005","1":"page","2":"type-page","3":"status-publish","5":"entry"},"_links":{"self":[{"href":"https:\/\/loveeventos.es\/index.php?rest_route=\/wp\/v2\/pages\/1005","targetHints":{"allow":["GET"]}}],"collection":[{"href":"https:\/\/loveeventos.es\/index.php?rest_route=\/wp\/v2\/pages"}],"about":[{"href":"https:\/\/loveeventos.es\/index.php?rest_route=\/wp\/v2\/types\/page"}],"author":[{"embeddable":true,"href":"https:\/\/loveeventos.es\/index.php?rest_route=\/wp\/v2\/users\/1"}],"replies":[{"embeddable":true,"href":"https:\/\/loveeventos.es\/index.php?rest_route=%2Fwp%2Fv2%2Fcomments&post=1005"}],"version-history":[{"count":41,"href":"https:\/\/loveeventos.es\/index.php?rest_route=\/wp\/v2\/pages\/1005\/revisions"}],"predecessor-version":[{"id":1337,"href":"https:\/\/loveeventos.es\/index.php?rest_route=\/wp\/v2\/pages\/1005\/revisions\/1337"}],"wp:attachment":[{"href":"https:\/\/loveeventos.es\/index.php?rest_route=%2Fwp%2Fv2%2Fmedia&parent=1005"}],"curies":[{"name":"wp","href":"https:\/\/api.w.org\/{rel}","templated":true}]}}